{"id":549,"date":"2023-06-28T00:37:47","date_gmt":"2023-06-28T00:37:47","guid":{"rendered":"https:\/\/tslbakeshop.com\/?post_type=product&#038;p=549"},"modified":"2024-11-11T10:08:39","modified_gmt":"2024-11-11T10:08:39","slug":"rainbow-cupcakes","status":"publish","type":"product","link":"https:\/\/tslbakeshop.com\/index.php\/product\/rainbow-cupcakes\/","title":{"rendered":"Rainbow Cupcakes"},"content":{"rendered":"<p><span style=\"vertical-align: inherit;\"><span style=\"vertical-align: inherit;\">Son una aut\u00e9ntica explosi\u00f3n de color y sabor que despierta alegr\u00eda y creatividad en cada bocado.<\/span><\/span><\/p>\n<p><img fetchpriority=\"high\" decoding=\"async\" class=\"alignnone size-medium wp-image-555\" src=\"https:\/\/tslbakeshop.com\/wp-content\/uploads\/2023\/06\/Rainbow-Cupcake-1-300x199.jpg\" alt=\"\" width=\"300\" height=\"199\" srcset=\"https:\/\/tslbakeshop.com\/wp-content\/uploads\/2023\/06\/Rainbow-Cupcake-1-300x199.jpg 300w, https:\/\/tslbakeshop.com\/wp-content\/uploads\/2023\/06\/Rainbow-Cupcake-1-600x398.jpg 600w, https:\/\/tslbakeshop.com\/wp-content\/uploads\/2023\/06\/Rainbow-Cupcake-1.jpg 640w\" sizes=\"(max-width: 300px) 100vw, 300px\" \/><\/p>\n","protected":false},"excerpt":{"rendered":"<p>Son una aut\u00e9ntica explosi\u00f3n de color y sabor que despierta alegr\u00eda y creatividad en cada bocado.<\/p>\n","protected":false},"featured_media":1038,"comment_status":"open","ping_status":"closed","template":"","meta":[],"product_cat":[22],"product_tag":[],"class_list":{"0":"post-549","1":"product","2":"type-product","3":"status-publish","4":"has-post-thumbnail","6":"product_cat-cupcakes","8":"first","9":"instock","10":"shipping-taxable","11":"product-type-simple"},"_links":{"self":[{"href":"https:\/\/tslbakeshop.com\/index.php\/wp-json\/wp\/v2\/product\/549","targetHints":{"allow":["GET"]}}],"collection":[{"href":"https:\/\/tslbakeshop.com\/index.php\/wp-json\/wp\/v2\/product"}],"about":[{"href":"https:\/\/tslbakeshop.com\/index.php\/wp-json\/wp\/v2\/types\/product"}],"replies":[{"embeddable":true,"href":"https:\/\/tslbakeshop.com\/index.php\/wp-json\/wp\/v2\/comments?post=549"}],"wp:featuredmedia":[{"embeddable":true,"href":"https:\/\/tslbakeshop.com\/index.php\/wp-json\/wp\/v2\/media\/1038"}],"wp:attachment":[{"href":"https:\/\/tslbakeshop.com\/index.php\/wp-json\/wp\/v2\/media?parent=549"}],"wp:term":[{"taxonomy":"product_cat","embeddable":true,"href":"https:\/\/tslbakeshop.com\/index.php\/wp-json\/wp\/v2\/product_cat?post=549"},{"taxonomy":"product_tag","embeddable":true,"href":"https:\/\/tslbakeshop.com\/index.php\/wp-json\/wp\/v2\/product_tag?post=549"}],"curies":[{"name":"wp","href":"https:\/\/api.w.org\/{rel}","templated":true}]}}